{"id":405,"date":"2025-03-17T07:38:30","date_gmt":"2025-03-17T07:38:30","guid":{"rendered":"https:\/\/zelena.website.tuke.sk\/?page_id=405"},"modified":"2025-03-21T08:52:18","modified_gmt":"2025-03-21T08:52:18","slug":"vegetacne-strechy","status":"publish","type":"page","link":"https:\/\/zelena.website.tuke.sk\/?page_id=405","title":{"rendered":"Vegeta\u010dn\u00e9 strechy"},"content":{"rendered":"\t\t<div data-elementor-type=\"wp-page\" data-elementor-id=\"405\" class=\"elementor elementor-405\" data-elementor-post-type=\"page\">\n\t\t\t\t<div class=\"elementor-element elementor-element-40a5f16 e-flex e-con-boxed e-con e-parent\" data-id=\"40a5f16\" data-element_type=\"container\">\n\t\t\t\t\t<div class=\"e-con-inner\">\n\t\t\t\t<div class=\"elementor-element elementor-element-6884815 elementor-widget elementor-widget-text-editor\" data-id=\"6884815\" data-element_type=\"widget\" data-widget_type=\"text-editor.default\">\n\t\t\t\t<div class=\"elementor-widget-container\">\n\t\t\t\t\t\t\t\t\t<h2><strong>Delenie<\/strong><\/h2>\n<p><span style=\"color: #000000;\"><b>Vegeta\u010dn\u00e9 strechy je mo\u017en\u00e9 rozdeli\u0165 z viacer\u00fdch h\u013ead\u00edsk ako napr\u00edklad n\u00e1rokov na starostlivos\u0165, pr\u00edstupnosti, preva\u017euj\u00facej funkcie, skladby vegeta\u010dn\u00e9ho s\u00favrstvia, sklonu. Pod\u013ea skladby vegeta\u010dn\u00e9ho s\u00favrstvia (Obr. 7):<\/b><\/span><\/p>\n<p><span style=\"color: #000000;\"><span style=\"font-weight: 400;\">\u2212 <\/span><span style=\"font-weight: 400;\">jednovrstvov\u00e1 skladba (extenz\u00edvna) <\/span><span style=\"font-weight: 400;\">\u2013 substr\u00e1t pln\u00ed funkciu vegeta\u010dn\u00fa, dren\u00e1\u017enu a hydroakumula\u010dn\u00fa. Aplikuje sa pri jednoduch\u00fdch extenz\u00edvnych a \u0161ikm\u00fdch vegeta\u010dn\u00fdch strech\u00e1ch<\/span><\/span><\/p>\n<p><span style=\"color: #000000;\"><span style=\"font-weight: 400;\">\u2212<\/span><span style=\"font-weight: 400;\"> viacvrstvov\u00e1 skladba (extenz\u00edvna, semi-intenz\u00edvna, intenz\u00edvna) <\/span><span style=\"font-weight: 400;\">\u2013 vegeta\u010dn\u00e9 s\u00favrstvie sa sklad\u00e1 zo samostatn\u00fdch funk\u010dn\u00fdch vrstiev (filtra\u010dn\u00e1, hydroakumula\u010dn\u00e1, dren\u00e1\u017ena a ochrann\u00e1 vrstva). Aplikuj\u00fa sa pri intenz\u00edvnych a v\u00e4\u010d\u0161ine ploch\u00fdch extenz\u00edvnych strech\u00e1ch.<\/span><\/span><\/p>\n<p><span id=\"docs-internal-guid-8ec2cba5-7fff-879a-efbe-8abdbaa3c602\"><img decoding=\"async\" class=\"alignnone\" src=\"https:\/\/lh7-rt.googleusercontent.com\/slidesz\/AGV_vUeESxL5geDax4ZFFyn4SksLi3uKheOsDDkD8QbjkPx_hgWHg3EXWQgesFs2xTYC-htNQHSnOyx_VgO0028Wi5WiynAgXsjLFWRZ_zvvpATMhH3HzJqxuEzs1CrX9tncrxA11bcauB9aYenFzhKrgUQ=s2048?key=B4dZEZLlXMx7TTIB8mketnAK\" width=\"547px;\" height=\"308px;\" \/><\/span><\/p>\n<p>\u00a0<\/p>\n<p>\u00a0<\/p>\t\t\t\t\t\t\t\t<\/div>\n\t\t\t\t<\/div>\n\t\t\t\t\t<\/div>\n\t\t\t\t<\/div>\n\t\t<div class=\"elementor-element elementor-element-0461bdb e-flex e-con-boxed e-con e-parent\" data-id=\"0461bdb\" data-element_type=\"container\">\n\t\t\t\t\t<div class=\"e-con-inner\">\n\t\t\t\t<div class=\"elementor-element elementor-element-b3307cd elementor-widget elementor-widget-text-editor\" data-id=\"b3307cd\" data-element_type=\"widget\" data-widget_type=\"text-editor.default\">\n\t\t\t\t<div class=\"elementor-widget-container\">\n\t\t\t\t\t\t\t\t\t<h2><span style=\"color: #000000;\"><strong>Benefity<\/strong><\/span><\/h2>\n<p><span style=\"color: #000000;\"><b>Vegeta\u010dn\u00e1 strecha nepredstavuje iba estetick\u00fd doplnok pre budovu. Pln\u00ed r\u00f4zne funkcie a prin\u00e1\u0161a ist\u00e9 v\u00fdhody ako pre budovu, \u013eud\u00ed v jej okol\u00ed, tak aj samotn\u00e9 prostredie. V\u00fdhody m\u00f4\u017eeme rozdeli\u0165 do 3 kateg\u00f3rii:<\/b><\/span><\/p>\n<p><span style=\"color: #000000;\"><strong>urbanistick\u00e1 a krajin\u00e1rska<\/strong><\/span><\/p>\n<ul>\n<li><span style=\"font-weight: 400; color: #000000;\">vytvorenie nov\u00fdch zelen\u00fdch pl\u00f4ch na zastavan\u00fdch ploch\u00e1ch<\/span><\/li>\n<li><span style=\"font-weight: 400; color: #000000;\">zv\u00fd\u0161enie zelene v mest\u00e1ch<\/span><\/li>\n<li><span style=\"font-weight: 400; color: #000000;\">zlep\u0161enie obytn\u00e9ho aj pracovn\u00e9ho priestoru (soci\u00e1lny benefit)<\/span><\/li>\n<\/ul>\n<p><span style=\"color: #000000;\"><strong>environment\u00e1lna<\/strong><\/span><\/p>\n<ul>\n<li><span style=\"font-weight: 400; color: #000000;\">zlep\u0161enie mikrokl\u00edmy &#8211; vyrovn\u00e1vanie extr\u00e9mnych tepl\u00f4t<\/span><\/li>\n<li><span style=\"font-weight: 400; color: #000000;\">zn\u00ed\u017eenie pra\u0161nosti<\/span><\/li>\n<li><span style=\"font-weight: 400; color: #000000;\">spomalenie odtoku da\u017e\u010fovej vody \u2013 akumul\u00e1cia da\u017e\u010fovej vody<\/span><\/li>\n<li><span style=\"font-weight: 400; color: #000000;\">biodiverzita &#8211; vytvorenie n\u00e1hradn\u00fdch pl\u00f4ch pre fl\u00f3ru a faunu<\/span><\/li>\n<\/ul>\n<p><span style=\"color: #000000;\"><strong>ochrann\u00e1 a ekonomick\u00e1<\/strong><\/span><\/p>\n<ul>\n<li><span style=\"font-weight: 400; color: #000000;\">ochrana hydroizola\u010dnej vrstvy pred degrad\u00e1ciou (UV \u017eiarenie)<\/span><\/li>\n<li><span style=\"font-weight: 400; color: #000000;\">zn\u00ed\u017eenie hlu\u010dnosti<\/span><\/li>\n<li><span style=\"font-weight: 400; color: #000000;\">ochrana pred prehrievan\u00edm<\/span><\/li>\n<li><span style=\"font-weight: 400; color: #000000;\">ochrana pred \u00fanikom tepla v zimn\u00fdch mesiacoch<\/span><\/li>\n<\/ul>\n<div>\u00a0<\/div>\n<div><span id=\"docs-internal-guid-cf48cf82-7fff-ba95-3f19-83488b6dbfbe\" style=\"color: #000000;\"><img decoding=\"async\" src=\"https:\/\/lh7-rt.googleusercontent.com\/slidesz\/AGV_vUeTr3SWQ6NgyXDUmY9Ln92Fh5uQX8Jvl0vEiqdlam_WV50CkikV4MeNpMOMpStT5ahwQ8yLBlcgxoVpjLjTSZWWwDIdWNZ235pq5NBfcQcQioA5U8-B_G3TVbOq3m-WVXZnVMEOiZ_XDHsbKu5qcMU=s2048?key=B4dZEZLlXMx7TTIB8mketnAK\" width=\"547px;\" height=\"356px;\" \/><\/span><\/div>\t\t\t\t\t\t\t\t<\/div>\n\t\t\t\t<\/div>\n\t\t\t\t\t<\/div>\n\t\t\t\t<\/div>\n\t\t<div class=\"elementor-element elementor-element-9d109b6 e-flex e-con-boxed e-con e-parent\" data-id=\"9d109b6\" data-element_type=\"container\">\n\t\t\t\t\t<div class=\"e-con-inner\">\n\t\t\t\t<div class=\"elementor-element elementor-element-db43c08 elementor-widget elementor-widget-text-editor\" data-id=\"db43c08\" data-element_type=\"widget\" data-widget_type=\"text-editor.default\">\n\t\t\t\t<div class=\"elementor-widget-container\">\n\t\t\t\t\t\t\t\t\t<h2><strong>Pr\u00edklady<\/strong><\/h2>\n<ul>\n<li>\n<p><span style=\"color: #000000;\"><b>Stre\u0161n\u00e1 z\u00e1hrada na obchodnom dome Nivy v Bratislave<\/b><\/span><\/p>\n<\/li>\n<li>\n<p><span style=\"color: #000000;\"><b>Vegeta\u010dn\u00e9 strechy nad komplexom City Park Center v Ko\u0161iciach<\/b><\/span><\/p>\n<\/li>\n<li>\n<p><span style=\"color: #000000;\"><b>Extenz\u00edvne a intenz\u00edvne vegeta\u010dn\u00e9 strechy na Business Centrum Ko\u0161ice III.<\/b><\/span><\/p>\n<\/li>\n<li>\n<p><span style=\"color: #000000;\"><b>Intenz\u00edvna vegeta\u010dn\u00e1 strecha komplexu Jarabinky v Bratislave<\/b><\/span><\/p>\n<\/li>\n<li>\n<p><span style=\"color: #000000;\"><b>Zelen\u00e1 strecha GUTHAUS, Bratislava, Slovensko<\/b><\/span><\/p>\n<\/li>\n<li>\n<p><span style=\"color: #000000;\"><b>Zelen\u00e1 strecha rodinn\u00fd dom, Liptovsk\u00e1 \u0160tiavnica, Slovensko<\/b><\/span><\/p>\n<\/li>\n<li>\n<p><span style=\"color: #000000;\"><b>Zelen\u00e1 strecha SKY PARK, Bratislava, Slovensko<\/b><\/span><\/p>\n<\/li>\n<\/ul>\t\t\t\t\t\t\t\t<\/div>\n\t\t\t\t<\/div>\n\t\t\t\t\t<\/div>\n\t\t\t\t<\/div>\n\t\t\t\t<\/div>\n\t\t","protected":false},"excerpt":{"rendered":"<p>Delenie Vegeta\u010dn\u00e9 strechy je mo\u017en\u00e9 rozdeli\u0165 z viacer\u00fdch h\u013ead\u00edsk ako napr\u00edklad n\u00e1rokov na starostlivos\u0165, pr\u00edstupnosti, preva\u017euj\u00facej funkcie, skladby vegeta\u010dn\u00e9ho s\u00favrstvia, sklonu. Pod\u013ea skladby vegeta\u010dn\u00e9ho s\u00favrstvia (Obr. 7): \u2212 jednovrstvov\u00e1 skladba (extenz\u00edvna) \u2013 substr\u00e1t pln\u00ed funkciu vegeta\u010dn\u00fa, dren\u00e1\u017enu a hydroakumula\u010dn\u00fa. Aplikuje sa pri jednoduch\u00fdch extenz\u00edvnych a \u0161ikm\u00fdch vegeta\u010dn\u00fdch strech\u00e1ch \u2212 viacvrstvov\u00e1 skladba (extenz\u00edvna, semi-intenz\u00edvna, intenz\u00edvna) \u2013 [&hellip;]<\/p>\n","protected":false},"author":1,"featured_media":0,"parent":0,"menu_order":0,"comment_status":"closed","ping_status":"closed","template":"","meta":{"footnotes":""},"class_list":["post-405","page","type-page","status-publish","hentry"],"_links":{"self":[{"href":"https:\/\/zelena.website.tuke.sk\/index.php?rest_route=\/wp\/v2\/pages\/405","targetHints":{"allow":["GET"]}}],"collection":[{"href":"https:\/\/zelena.website.tuke.sk\/index.php?rest_route=\/wp\/v2\/pages"}],"about":[{"href":"https:\/\/zelena.website.tuke.sk\/index.php?rest_route=\/wp\/v2\/types\/page"}],"author":[{"embeddable":true,"href":"https:\/\/zelena.website.tuke.sk\/index.php?rest_route=\/wp\/v2\/users\/1"}],"replies":[{"embeddable":true,"href":"https:\/\/zelena.website.tuke.sk\/index.php?rest_route=%2Fwp%2Fv2%2Fcomments&post=405"}],"version-history":[{"count":12,"href":"https:\/\/zelena.website.tuke.sk\/index.php?rest_route=\/wp\/v2\/pages\/405\/revisions"}],"predecessor-version":[{"id":514,"href":"https:\/\/zelena.website.tuke.sk\/index.php?rest_route=\/wp\/v2\/pages\/405\/revisions\/514"}],"wp:attachment":[{"href":"https:\/\/zelena.website.tuke.sk\/index.php?rest_route=%2Fwp%2Fv2%2Fmedia&parent=405"}],"curies":[{"name":"wp","href":"https:\/\/api.w.org\/{rel}","templated":true}]}}