{"id":443,"date":"2025-03-20T07:10:22","date_gmt":"2025-03-20T07:10:22","guid":{"rendered":"https:\/\/zelena.website.tuke.sk\/?page_id=443"},"modified":"2025-03-20T07:16:33","modified_gmt":"2025-03-20T07:16:33","slug":"pripadove-studie","status":"publish","type":"page","link":"https:\/\/zelena.website.tuke.sk\/?page_id=443","title":{"rendered":"Pr\u00edpadov\u00e9 \u0161t\u00fadie"},"content":{"rendered":"\t\t<div data-elementor-type=\"wp-page\" data-elementor-id=\"443\" class=\"elementor elementor-443\" data-elementor-post-type=\"page\">\n\t\t\t\t<div class=\"elementor-element elementor-element-dd801cc e-flex e-con-boxed e-con e-parent\" data-id=\"dd801cc\" data-element_type=\"container\">\n\t\t\t\t\t<div class=\"e-con-inner\">\n\t\t\t\t<div class=\"elementor-element elementor-element-89e1910 elementor-widget elementor-widget-heading\" data-id=\"89e1910\" data-element_type=\"widget\" data-widget_type=\"heading.default\">\n\t\t\t\t<div class=\"elementor-widget-container\">\n\t\t\t\t\t<h2 class=\"elementor-heading-title elementor-size-default\">Sem vlo\u017ete text nadpisuSem vlo\u017ete text nadpisuSem vlo\u017ete text nadpisuSem vlo\u017ete text nadpisuSem vlo\u017ete text nadpisuSem vlo\u017ete text nadpisuSem vlo\u017ete text nadpisuSem vlo\u017ete text nadpisuSem vlo\u017ete text nadpisuSem vlo\u017ete text nadpisuSem vlo\u017ete text nadpisuSem vlo\u017ete text nadpisuSem vlo\u017ete text nadpisuSem vlo\u017ete text nadpisu<\/h2>\t\t\t\t<\/div>\n\t\t\t\t<\/div>\n\t\t\t\t\t<\/div>\n\t\t\t\t<\/div>\n\t\t\t\t<\/div>\n\t\t","protected":false},"excerpt":{"rendered":"<p>Sem vlo\u017ete text nadpisuSem vlo\u017ete text nadpisuSem vlo\u017ete text nadpisuSem vlo\u017ete text nadpisuSem vlo\u017ete text nadpisuSem vlo\u017ete text nadpisuSem vlo\u017ete text nadpisuSem vlo\u017ete text nadpisuSem vlo\u017ete text nadpisuSem vlo\u017ete text nadpisuSem vlo\u017ete text nadpisuSem vlo\u017ete text nadpisuSem vlo\u017ete text nadpisuSem vlo\u017ete text nadpisu<\/p>\n","protected":false},"author":1,"featured_media":0,"parent":0,"menu_order":0,"comment_status":"closed","ping_status":"closed","template":"","meta":{"footnotes":""},"class_list":["post-443","page","type-page","status-publish","hentry"],"_links":{"self":[{"href":"https:\/\/zelena.website.tuke.sk\/index.php?rest_route=\/wp\/v2\/pages\/443","targetHints":{"allow":["GET"]}}],"collection":[{"href":"https:\/\/zelena.website.tuke.sk\/index.php?rest_route=\/wp\/v2\/pages"}],"about":[{"href":"https:\/\/zelena.website.tuke.sk\/index.php?rest_route=\/wp\/v2\/types\/page"}],"author":[{"embeddable":true,"href":"https:\/\/zelena.website.tuke.sk\/index.php?rest_route=\/wp\/v2\/users\/1"}],"replies":[{"embeddable":true,"href":"https:\/\/zelena.website.tuke.sk\/index.php?rest_route=%2Fwp%2Fv2%2Fcomments&post=443"}],"version-history":[{"count":3,"href":"https:\/\/zelena.website.tuke.sk\/index.php?rest_route=\/wp\/v2\/pages\/443\/revisions"}],"predecessor-version":[{"id":449,"href":"https:\/\/zelena.website.tuke.sk\/index.php?rest_route=\/wp\/v2\/pages\/443\/revisions\/449"}],"wp:attachment":[{"href":"https:\/\/zelena.website.tuke.sk\/index.php?rest_route=%2Fwp%2Fv2%2Fmedia&parent=443"}],"curies":[{"name":"wp","href":"https:\/\/api.w.org\/{rel}","templated":true}]}}