{"id":452,"date":"2025-03-20T07:28:53","date_gmt":"2025-03-20T07:28:53","guid":{"rendered":"https:\/\/zelena.website.tuke.sk\/?page_id=452"},"modified":"2025-03-20T07:34:44","modified_gmt":"2025-03-20T07:34:44","slug":"elementor-452","status":"publish","type":"page","link":"https:\/\/zelena.website.tuke.sk\/?page_id=452","title":{"rendered":"\u0160peci\u00e1lne vegeta\u010dn\u00e9 strechy"},"content":{"rendered":"\t\t<div data-elementor-type=\"wp-page\" data-elementor-id=\"452\" class=\"elementor elementor-452\" data-elementor-post-type=\"page\">\n\t\t\t\t<div class=\"elementor-element elementor-element-8c542f0 e-flex e-con-boxed e-con e-parent\" data-id=\"8c542f0\" data-element_type=\"container\">\n\t\t\t\t\t<div class=\"e-con-inner\">\n\t\t\t\t<div class=\"elementor-element elementor-element-fa807d6 elementor-widget elementor-widget-heading\" data-id=\"fa807d6\" data-element_type=\"widget\" data-widget_type=\"heading.default\">\n\t\t\t\t<div class=\"elementor-widget-container\">\n\t\t\t\t\t<h2 class=\"elementor-heading-title elementor-size-default\">\u0160peci\u00e1lne vegeta\u010dn\u00e9 strechy\n<\/h2>\t\t\t\t<\/div>\n\t\t\t\t<\/div>\n\t\t\t\t\t<\/div>\n\t\t\t\t<\/div>\n\t\t<div class=\"elementor-element elementor-element-af4d82d e-flex e-con-boxed e-con e-parent\" data-id=\"af4d82d\" data-element_type=\"container\">\n\t\t\t\t\t<div class=\"e-con-inner\">\n\t\t\t\t<div class=\"elementor-element elementor-element-8e70992 elementor-widget elementor-widget-text-editor\" data-id=\"8e70992\" data-element_type=\"widget\" data-widget_type=\"text-editor.default\">\n\t\t\t\t<div class=\"elementor-widget-container\">\n\t\t\t\t\t\t\t\t\t<p><span style=\"color: #000000;\"><strong>Mokra\u010fov\u00e1 strecha<\/strong><\/span><\/p><p><span style=\"color: #000000;\">Mokra\u010fov\u00e1 strecha predstavuje vegeta\u010dn\u00fa strechu s permanentn\u00fdm v\u00fdskytom vody. V\u0161eobecn\u00e9 v\u00fdhody vegeta\u010dn\u00fdch striech platia aj pre mokra\u010fov\u00e9 strechy, niektor\u00e9 dokonca vo v\u00e4\u010d\u0161ej miere. Napr\u00edklad evapotranspir\u00e1ciou mokra\u010fov\u00fdch rastl\u00edn s permanentn\u00fdm v\u00fdskytom vody vytv\u00e1ra strecha v\u00e4\u010d\u0161\u00ed chladiaci efekt na priestor pod strechou aj na okolit\u00e9 prostredie. Rastliny s\u00fa odolnej\u0161ie t\u00fdm p\u00e1dom zvl\u00e1daj\u00fa obdobie sucha a povodn\u00ed bez v\u00fdrazn\u00e9ho po\u0161kodenia. Z\u00e1rove\u0148 strecha m\u00f4\u017ee by\u0165 vyu\u017e\u00edvan\u00e1 na \u010distenie sivej vody z dom\u00e1cnosti.<\/span><\/p><p dir=\"ltr\"><span style=\"color: #000000;\"><strong>Zeleno-modr\u00e1 strecha\u00a0<\/strong><\/span><\/p><p dir=\"ltr\"><span style=\"color: #000000;\">Modrozelen\u00e1 strecha kombinuje technol\u00f3giu modrej a vegeta\u010dnej strechy. Be\u017ene vegeta\u010dn\u00e9 strechy vyu\u017e\u00edvaj\u00fa dren\u00e1\u017enu a akumula\u010dn\u00fa vrstvu na zadr\u017eanie vody pre zavla\u017eovanie a odvedenie vody zo strechy. Cie\u013eom technol\u00f3gie modrej strechy je zv\u00fd\u0161i\u0165 objem uskladnenej vody a kontrolova\u0165 mno\u017estvo vypustenej vody. Kombin\u00e1cia technol\u00f3gi\u00ed m\u00f4\u017ee zv\u00fd\u0161i\u0165 celkov\u00e9 v\u00fdhody ekologiz\u00e1cie stre\u0161n\u00fdch pl\u00f4ch.<\/span><\/p>\t\t\t\t\t\t\t\t<\/div>\n\t\t\t\t<\/div>\n\t\t\t\t\t<\/div>\n\t\t\t\t<\/div>\n\t\t<div class=\"elementor-element elementor-element-ff81ad9 e-flex e-con-boxed e-con e-parent\" data-id=\"ff81ad9\" data-element_type=\"container\">\n\t\t\t\t\t<div class=\"e-con-inner\">\n\t\t\t\t<div class=\"elementor-element elementor-element-09d3413 elementor-widget elementor-widget-text-editor\" data-id=\"09d3413\" data-element_type=\"widget\" data-widget_type=\"text-editor.default\">\n\t\t\t\t<div class=\"elementor-widget-container\">\n\t\t\t\t\t\t\t\t\t<p><span style=\"color: #000000;\"><strong>V\u00fdhody<\/strong><\/span><\/p><p><span style=\"font-weight: 400; color: #000000;\">Mokra\u010fov\u00e1 strecha rovnako ako klasick\u00e1 vegeta\u010dn\u00e1 strecha m\u00e1 pozit\u00edvny vplyv na budovu, jej okolie aj na samotn\u00fdch \u013eud\u00ed nach\u00e1dzaj\u00facich sa v jej bl\u00edzkosti. V\u00fdhody m\u00f4\u017eeme rozdeli\u0165 pod\u013ea vplyvu na:<\/span><\/p><p><span style=\"font-weight: 400; color: #000000;\">&#8211; vplyv na budovu<\/span><\/p><ul><li><span style=\"font-weight: 400; color: #000000;\"> ochrana vrstiev skladby strechy \u2013 pred\u013a\u017eenie \u017eivotnosti hydroizola\u010dnej vrstvy<\/span><\/li><li><span style=\"font-weight: 400; color: #000000;\"> \u0161etrenie energi\u00ed (zn\u00ed\u017eenie n\u00e1kladov na k\u00farenie a klimatiz\u00e1ciu) \u2013 ochrana pred prehrievan\u00edm miestnost\u00ed a \u00fanikom tepla z budovy<\/span><\/li><li><span style=\"font-weight: 400; color: #000000;\"> pohlcovanie hluku<\/span><\/li><li><span style=\"font-weight: 400; color: #000000;\"> staticky nen\u00e1ro\u010dn\u00e9 \u2013 pri pou\u017eit\u00ed rastov\u00e9ho m\u00e9dia roho\u017e namiesto substr\u00e1tu<\/span><\/li><\/ul><p><span style=\"font-weight: 400; color: #000000;\">&#8211; vplyv na okolie<\/span><\/p><ul><li><span style=\"font-weight: 400; color: #000000;\"> \u010distenie vzduchu \u2013 absorpcia CO2, emisi\u00ed a prachu<\/span><\/li><li><span style=\"font-weight: 400; color: #000000;\"> chladiaci efekt na okolie \u2013 eliminovanie tepeln\u00fdch mestsk\u00fdch ostrovov<\/span><\/li><li><span style=\"font-weight: 400; color: #000000;\"> zv\u00fd\u0161enie biodiverzity<\/span><\/li><\/ul><p><span style=\"font-weight: 400; color: #000000;\">&#8211; vplyv na \u010dloveka<\/span><\/p><ul><li><span style=\"font-weight: 400; color: #000000;\"> zn\u00ed\u017eenie rizika vzniknut\u00ed chor\u00f4b z tepla<\/span><\/li><\/ul>\t\t\t\t\t\t\t\t<\/div>\n\t\t\t\t<\/div>\n\t\t\t\t\t<\/div>\n\t\t\t\t<\/div>\n\t\t<div class=\"elementor-element elementor-element-fac9dbe e-flex e-con-boxed e-con e-parent\" data-id=\"fac9dbe\" data-element_type=\"container\">\n\t\t\t\t\t<div class=\"e-con-inner\">\n\t\t\t\t<div class=\"elementor-element elementor-element-daf1298 elementor-widget elementor-widget-text-editor\" data-id=\"daf1298\" data-element_type=\"widget\" data-widget_type=\"text-editor.default\">\n\t\t\t\t<div class=\"elementor-widget-container\">\n\t\t\t\t\t\t\t\t\t<p><span style=\"color: #000000;\"><strong>Pr\u00edklady<\/strong><\/span><\/p><ul><li><span style=\"color: #000000;\">Mokra\u010fov \u00e1 strecha na firme Possmann vo Frankfurte<\/span><\/li><li><span style=\"color: #000000;\">Mokra\u010fov\u00e1 strecha nad rodinnom dome v Prahe<\/span><\/li><li><span style=\"color: #000000;\">Mokra\u010fov\u00e1 strecha nad kravskou stodolou v Brunswicku<\/span><\/li><\/ul>\t\t\t\t\t\t\t\t<\/div>\n\t\t\t\t<\/div>\n\t\t\t\t\t<\/div>\n\t\t\t\t<\/div>\n\t\t\t\t<\/div>\n\t\t","protected":false},"excerpt":{"rendered":"<p>\u0160peci\u00e1lne vegeta\u010dn\u00e9 strechy Mokra\u010fov\u00e1 strecha Mokra\u010fov\u00e1 strecha predstavuje vegeta\u010dn\u00fa strechu s permanentn\u00fdm v\u00fdskytom vody. V\u0161eobecn\u00e9 v\u00fdhody vegeta\u010dn\u00fdch striech platia aj pre mokra\u010fov\u00e9 strechy, niektor\u00e9 dokonca vo v\u00e4\u010d\u0161ej miere. Napr\u00edklad evapotranspir\u00e1ciou mokra\u010fov\u00fdch rastl\u00edn s permanentn\u00fdm v\u00fdskytom vody vytv\u00e1ra strecha v\u00e4\u010d\u0161\u00ed chladiaci efekt na priestor pod strechou aj na okolit\u00e9 prostredie. Rastliny s\u00fa odolnej\u0161ie t\u00fdm p\u00e1dom zvl\u00e1daj\u00fa [&hellip;]<\/p>\n","protected":false},"author":1,"featured_media":0,"parent":0,"menu_order":0,"comment_status":"closed","ping_status":"closed","template":"","meta":{"footnotes":""},"class_list":["post-452","page","type-page","status-publish","hentry"],"_links":{"self":[{"href":"https:\/\/zelena.website.tuke.sk\/index.php?rest_route=\/wp\/v2\/pages\/452","targetHints":{"allow":["GET"]}}],"collection":[{"href":"https:\/\/zelena.website.tuke.sk\/index.php?rest_route=\/wp\/v2\/pages"}],"about":[{"href":"https:\/\/zelena.website.tuke.sk\/index.php?rest_route=\/wp\/v2\/types\/page"}],"author":[{"embeddable":true,"href":"https:\/\/zelena.website.tuke.sk\/index.php?rest_route=\/wp\/v2\/users\/1"}],"replies":[{"embeddable":true,"href":"https:\/\/zelena.website.tuke.sk\/index.php?rest_route=%2Fwp%2Fv2%2Fcomments&post=452"}],"version-history":[{"count":9,"href":"https:\/\/zelena.website.tuke.sk\/index.php?rest_route=\/wp\/v2\/pages\/452\/revisions"}],"predecessor-version":[{"id":484,"href":"https:\/\/zelena.website.tuke.sk\/index.php?rest_route=\/wp\/v2\/pages\/452\/revisions\/484"}],"wp:attachment":[{"href":"https:\/\/zelena.website.tuke.sk\/index.php?rest_route=%2Fwp%2Fv2%2Fmedia&parent=452"}],"curies":[{"name":"wp","href":"https:\/\/api.w.org\/{rel}","templated":true}]}}