{"id":505,"date":"2025-03-21T08:49:28","date_gmt":"2025-03-21T08:49:28","guid":{"rendered":"https:\/\/zelena.website.tuke.sk\/?page_id=505"},"modified":"2025-03-21T08:57:40","modified_gmt":"2025-03-21T08:57:40","slug":"vegetacne-fasady","status":"publish","type":"page","link":"https:\/\/zelena.website.tuke.sk\/?page_id=505","title":{"rendered":"Vegeta\u010dn\u00e9 fas\u00e1dy"},"content":{"rendered":"\t\t<div data-elementor-type=\"wp-page\" data-elementor-id=\"505\" class=\"elementor elementor-505\" data-elementor-post-type=\"page\">\n\t\t\t\t<div class=\"elementor-element elementor-element-6a74fde e-flex e-con-boxed e-con e-parent\" data-id=\"6a74fde\" data-element_type=\"container\">\n\t\t\t\t\t<div class=\"e-con-inner\">\n\t\t\t\t<div class=\"elementor-element elementor-element-5d6568d elementor-widget elementor-widget-heading\" data-id=\"5d6568d\" data-element_type=\"widget\" data-widget_type=\"heading.default\">\n\t\t\t\t<div class=\"elementor-widget-container\">\n\t\t\t\t\t<h1 class=\"elementor-heading-title elementor-size-default\">Vegeta\u010dn\u00e9 fas\u00e1dy<\/h1>\t\t\t\t<\/div>\n\t\t\t\t<\/div>\n\t\t\t\t\t<\/div>\n\t\t\t\t<\/div>\n\t\t<div class=\"elementor-element elementor-element-00f9d66 e-flex e-con-boxed e-con e-parent\" data-id=\"00f9d66\" data-element_type=\"container\">\n\t\t\t\t\t<div class=\"e-con-inner\">\n\t\t\t\t<div class=\"elementor-element elementor-element-6bf2626 elementor-widget elementor-widget-text-editor\" data-id=\"6bf2626\" data-element_type=\"widget\" data-widget_type=\"text-editor.default\">\n\t\t\t\t<div class=\"elementor-widget-container\">\n\t\t\t\t\t\t\t\t\t<p><span style=\"color: #000000;\"><b>Pochopenie tepeln\u00e9ho spr\u00e1vania zelenej fas\u00e1dy m\u00f4\u017ee by\u0165 z\u00e1kladom pre energeticky uvedomel\u00fd dizajn budov a miest. Rozde\u013eujeme ich na zelen\u00e9 fas\u00e1dy a syst\u00e9m \u017eiv\u00fdch stien. Zelen\u00e9 fas\u00e1dy rast\u00fa priamo zo zeme a opieraj\u00fa sa bu\u010f priamo o budovu, alebo pou\u017e\u00edvaj\u00fa podporn\u00fd kon\u0161truk\u010dn\u00fd syst\u00e9m. \u017div\u00e9 steny vyu\u017e\u00edvaj\u00fa kvetin\u00e1\u010de alebo panely, ktor\u00e9 s\u00fa in\u0161talovan\u00e9 vertik\u00e1lne nad sebou na vonkaj\u0161ej stene budovy.\u00a0<\/b><\/span><\/p><p><span style=\"color: #000000;\"><b>Delnenie:<\/b><\/span><\/p><ul><li><span style=\"font-weight: 400; color: #000000;\">Priama zelen\u00e1 fas\u00e1da<\/span><\/li><li><span style=\"font-weight: 400; color: #000000;\">Nepriama zelen\u00e1 fas\u00e1da<\/span><\/li><li><span style=\"font-weight: 400; color: #000000;\">Nepriama zelen\u00e1 fas\u00e1da kombinovan\u00e1 s kvetin\u00e1\u010dmi<\/span><\/li><li><span style=\"font-weight: 400; color: #000000;\">Syst\u00e9m obytn\u00fdch stien.<\/span><\/li><\/ul><p><span style=\"color: #000000;\"><b>V\u00fdhody vegeta\u010dn\u00fdch fas\u00e1d<\/b><\/span><\/p><p><span style=\"font-weight: 400; color: #000000;\">-Tepeln\u00fd v\u00fdkon zelen\u00e1 -fas\u00e1da je d\u00f4le\u017eit\u00e1 pri izol\u00e1cii budovy a ochrane budovy pred prehrievan\u00edm v lete a pred ochladzovan\u00edm a vetrom v zime.<\/span><\/p><p><span style=\"font-weight: 400; color: #000000;\">-Zn\u00ed\u017eenie zne\u010distenia ovzdu\u0161ia, zn\u00ed\u017eenie hluku a zlep\u0161enie kvality \u017eivota \u0160t\u00fadie na celom svete dokazuj\u00fa vplyv zelen\u00fdch prvkov na \u010distotu ovzdu\u0161ia. To znamen\u00e1, \u017ee rovnako ako stromy alebo in\u00e1 zele\u0148 m\u00f4\u017eu zelen\u00e9 fas\u00e1dy p\u00f4sobi\u0165 ako filter. Rastliny odoberaj\u00fa zo vzduchu oxid uhli\u010dit\u00fd a nahr\u00e1dzaj\u00fa ho kysl\u00edkom. Korene rastl\u00edn dok\u00e1\u017eu z p\u00f4dy odstra\u0148ova\u0165 toxick\u00e9 l\u00e1tky a organick\u00e9 zl\u00fa\u010deniny.<\/span><\/p><ul><li><span style=\"font-weight: 400; color: #000000;\">Hydrol\u00f3gia a miera evapotranspir\u00e1cie\u00a0<\/span><\/li><\/ul><p>\u00a0<\/p><p><strong><span style=\"color: #000000;\">Pr\u00edklady<\/span><\/strong><\/p><ul><li><span style=\"color: #000000;\">Vegeta\u010dn\u00e1 fas\u00e1dy s\u00eddlo\u00a0<\/span><\/li><li><span style=\"color: #000000;\">Firmy Likos<\/span><\/li><li><span style=\"color: #000000;\">Vegeta\u010dn\u00e1 fas\u00e1da-Administrat\u00edvna budova Krakov<\/span><\/li><li><span style=\"color: #000000;\">Vegeta\u010dn\u00e1 fas\u00e1da- bytov\u00fd dom Krakov<\/span><\/li><li><span style=\"color: #000000;\">Vegeta\u010dn\u00e1 fas\u00e1da-Obchodn\u00e9 centrum Aupark Bratislava<\/span><\/li><li><span style=\"color: #000000;\">Vegeta\u010dn\u00e1 fas\u00e1da-Stavebn\u00e1 fakulta- TUKE<\/span><\/li><\/ul>\t\t\t\t\t\t\t\t<\/div>\n\t\t\t\t<\/div>\n\t\t\t\t\t<\/div>\n\t\t\t\t<\/div>\n\t\t\t\t<\/div>\n\t\t","protected":false},"excerpt":{"rendered":"<p>Vegeta\u010dn\u00e9 fas\u00e1dy Pochopenie tepeln\u00e9ho spr\u00e1vania zelenej fas\u00e1dy m\u00f4\u017ee by\u0165 z\u00e1kladom pre energeticky uvedomel\u00fd dizajn budov a miest. Rozde\u013eujeme ich na zelen\u00e9 fas\u00e1dy a syst\u00e9m \u017eiv\u00fdch stien. Zelen\u00e9 fas\u00e1dy rast\u00fa priamo zo zeme a opieraj\u00fa sa bu\u010f priamo o budovu, alebo pou\u017e\u00edvaj\u00fa podporn\u00fd kon\u0161truk\u010dn\u00fd syst\u00e9m. \u017div\u00e9 steny vyu\u017e\u00edvaj\u00fa kvetin\u00e1\u010de alebo panely, ktor\u00e9 s\u00fa in\u0161talovan\u00e9 vertik\u00e1lne nad [&hellip;]<\/p>\n","protected":false},"author":1,"featured_media":0,"parent":0,"menu_order":0,"comment_status":"closed","ping_status":"closed","template":"","meta":{"footnotes":""},"class_list":["post-505","page","type-page","status-publish","hentry"],"_links":{"self":[{"href":"https:\/\/zelena.website.tuke.sk\/index.php?rest_route=\/wp\/v2\/pages\/505","targetHints":{"allow":["GET"]}}],"collection":[{"href":"https:\/\/zelena.website.tuke.sk\/index.php?rest_route=\/wp\/v2\/pages"}],"about":[{"href":"https:\/\/zelena.website.tuke.sk\/index.php?rest_route=\/wp\/v2\/types\/page"}],"author":[{"embeddable":true,"href":"https:\/\/zelena.website.tuke.sk\/index.php?rest_route=\/wp\/v2\/users\/1"}],"replies":[{"embeddable":true,"href":"https:\/\/zelena.website.tuke.sk\/index.php?rest_route=%2Fwp%2Fv2%2Fcomments&post=505"}],"version-history":[{"count":7,"href":"https:\/\/zelena.website.tuke.sk\/index.php?rest_route=\/wp\/v2\/pages\/505\/revisions"}],"predecessor-version":[{"id":517,"href":"https:\/\/zelena.website.tuke.sk\/index.php?rest_route=\/wp\/v2\/pages\/505\/revisions\/517"}],"wp:attachment":[{"href":"https:\/\/zelena.website.tuke.sk\/index.php?rest_route=%2Fwp%2Fv2%2Fmedia&parent=505"}],"curies":[{"name":"wp","href":"https:\/\/api.w.org\/{rel}","templated":true}]}}